{"id":164,"date":"2024-01-18T12:54:10","date_gmt":"2024-01-18T11:54:10","guid":{"rendered":"https:\/\/jezyknorweski.pl\/?page_id=164"},"modified":"2026-03-06T11:14:24","modified_gmt":"2026-03-06T10:14:24","slug":"o-mnie","status":"publish","type":"page","link":"https:\/\/jezyknorweski.pl\/index.php\/o-mnie\/","title":{"rendered":"O mnie"},"content":{"rendered":"\n<p class=\"has-text-align-left\">Hei! Mam na imi\u0119 Basia i od ponad <strong>14 lat ucz\u0119 j\u0119zyka norweskiego<\/strong> na r\u00f3\u017cnych poziomach zaawansowania (A1-B2) osoby doros\u0142e, m\u0142odzie\u017c i dzieci. Moja historia z Norwegi\u0105 zacz\u0119\u0142a si\u0119 w 2007 roku w \u00c5lesund. W tym pi\u0119knym mie\u015bcie po\u0142o\u017conym w zachodniej Norwegii sp\u0119dzi\u0142am 10 lat i pozna\u0142am j\u0119zyk od strony teoretycznej (na wielu kursach j\u0119zykowych, ucz\u0119szczaj\u0105c do norweskiego gimnazjum i liceum) oraz praktycznej (\u017cyj\u0105c w\u015br\u00f3d Norweg\u00f3w). Od tamtej pory nieustannie szlifuj\u0119 nabyt\u0105 wiedz\u0119, by m\u00f3c dzieli\u0107 si\u0119 ni\u0105 z innymi.<\/p>\n\n\n\n<p class=\"has-text-align-left\">W swojej karierze prowadzi\u0142am <strong>kursy intensywne, grupowe, indywidualne<\/strong> oraz nastawione na konkretny zaw\u00f3d (kierowca autobusu, in\u017cynier, marynarz, farmaceuta, lekarz). Wieloletnie do\u015bwiadczenie pozwala mi na dostosowaniu programu zaj\u0119\u0107 do potrzeb i cel\u00f3w ka\u017cdego ucznia, aby nauka by\u0142a efektywna i satysfakcjonuj\u0105ca.<\/p>\n\n\n\n<p class=\"has-text-align-left\">Fascynacja Norwegi\u0105, jej kultur\u0105 i histori\u0105 nadal trwa, mimo, \u017ce mieszkam w Polsce. Aktualnie studiuj\u0119 <strong>filologi\u0119 norwesk\u0105<\/strong> na Uniwersytecie Szczeci\u0144skim, gdzie mog\u0119 pog\u0142\u0119bi\u0107 nabyte umiej\u0119tno\u015bci oraz zdoby\u0107 nowe.<\/p>\n\n\n\n<p>Jako lektorka wierz\u0119, \u017ce kluczem do sukcesu jest przyjazna atmosfera i wzajemne zrozumienie. Na moich zaj\u0119ciach staram si\u0119, aby nauka by\u0142a nie tylko skuteczna, ale i przyjemna. Je\u015bli chcesz nauczy\u0107 si\u0119 norweskiego od podstaw, podszkoli\u0107 swoje umiej\u0119tno\u015bci lub pozna\u0107 j\u0119zyk biznesowy, serdecznie zapraszam na zaj\u0119cia!<\/p>\n","protected":false},"excerpt":{"rendered":"<p>Hei! Mam na imi\u0119 Basia i od ponad 14 lat ucz\u0119 j\u0119zyka norweskiego na r\u00f3\u017cnych poziomach zaawansowania (A1-B2) osoby doros\u0142e, m\u0142odzie\u017c i dzieci. Moja historia z Norwegi\u0105 zacz\u0119\u0142a si\u0119 w 2007 roku w \u00c5lesund. W tym pi\u0119knym mie\u015bcie po\u0142o\u017conym w zachodniej Norwegii sp\u0119dzi\u0142am 10 lat i pozna\u0142am j\u0119zyk od strony [&hellip;]<\/p>\n","protected":false},"author":2,"featured_media":0,"parent":0,"menu_order":0,"comment_status":"closed","ping_status":"closed","template":"","meta":{"footnotes":""},"class_list":["post-164","page","type-page","status-publish","hentry"],"_links":{"self":[{"href":"https:\/\/jezyknorweski.pl\/index.php\/wp-json\/wp\/v2\/pages\/164","targetHints":{"allow":["GET"]}}],"collection":[{"href":"https:\/\/jezyknorweski.pl\/index.php\/wp-json\/wp\/v2\/pages"}],"about":[{"href":"https:\/\/jezyknorweski.pl\/index.php\/wp-json\/wp\/v2\/types\/page"}],"author":[{"embeddable":true,"href":"https:\/\/jezyknorweski.pl\/index.php\/wp-json\/wp\/v2\/users\/2"}],"replies":[{"embeddable":true,"href":"https:\/\/jezyknorweski.pl\/index.php\/wp-json\/wp\/v2\/comments?post=164"}],"version-history":[{"count":6,"href":"https:\/\/jezyknorweski.pl\/index.php\/wp-json\/wp\/v2\/pages\/164\/revisions"}],"predecessor-version":[{"id":309,"href":"https:\/\/jezyknorweski.pl\/index.php\/wp-json\/wp\/v2\/pages\/164\/revisions\/309"}],"wp:attachment":[{"href":"https:\/\/jezyknorweski.pl\/index.php\/wp-json\/wp\/v2\/media?parent=164"}],"curies":[{"name":"wp","href":"https:\/\/api.w.org\/{rel}","templated":true}]}}